{"id":244,"date":"2019-02-05T22:09:11","date_gmt":"2019-02-05T21:09:11","guid":{"rendered":"http:\/\/tcquimper.fr\/?page_id=244"},"modified":"2022-07-26T15:30:10","modified_gmt":"2022-07-26T13:30:10","slug":"le-club","status":"publish","type":"page","link":"https:\/\/tcquimper.fr\/?page_id=244","title":{"rendered":"Le club"},"content":{"rendered":"\t\t<div data-elementor-type=\"wp-post\" data-elementor-id=\"244\" class=\"elementor elementor-244\" data-elementor-post-type=\"page\">\n\t\t\t\t\t\t<section class=\"elementor-section elementor-top-section elementor-element elementor-element-4a3930b9 elementor-section-stretched elementor-section-boxed elementor-section-height-default elementor-section-height-default\" data-id=\"4a3930b9\" data-element_type=\"section\" data-e-type=\"section\" data-settings=\"{&quot;stretch_section&quot;:&quot;section-stretched&quot;}\">\n\t\t\t\t\t\t<div class=\"elementor-container elementor-column-gap-wide\">\n\t\t\t\t\t<div class=\"elementor-column elementor-col-100 elementor-top-column elementor-element elementor-element-1bd81390\" data-id=\"1bd81390\" data-element_type=\"column\" data-e-type=\"column\">\n\t\t\t<div class=\"elementor-widget-wrap\">\n\t\t\t\t\t\t\t<\/div>\n\t\t<\/div>\n\t\t\t\t\t<\/div>\n\t\t<\/section>\n\t\t\t\t<section class=\"elementor-section elementor-top-section elementor-element elementor-element-3fc8b20 elementor-section-stretched elementor-section-boxed elementor-section-height-default elementor-section-height-default\" data-id=\"3fc8b20\" data-element_type=\"section\" data-e-type=\"section\" data-settings=\"{&quot;stretch_section&quot;:&quot;section-stretched&quot;}\">\n\t\t\t\t\t\t<div class=\"elementor-container elementor-column-gap-default\">\n\t\t\t\t\t<div class=\"elementor-column elementor-col-100 elementor-top-column elementor-element elementor-element-2a7634f\" data-id=\"2a7634f\" data-element_type=\"column\" data-e-type=\"column\">\n\t\t\t<div class=\"elementor-widget-wrap elementor-element-populated\">\n\t\t\t\t\t\t<div class=\"elementor-element elementor-element-9ebac51 elementor-widget elementor-widget-text-editor\" data-id=\"9ebac51\" data-element_type=\"widget\" data-e-type=\"widget\" data-widget_type=\"text-editor.default\">\n\t\t\t\t<div class=\"elementor-widget-container\">\n\t\t\t\t\t\t\t\t\t<h1>LE TENNIS CLUB QUIMPER<\/h1><p>Situ\u00e9 au c\u0153ur du p\u00f4le sportif de Cr\u00e9ac\u2019h Gwen, au bord de la rivi\u00e8re de l\u2019Odet, le Tennis Club QUIMPER vous accueille tous les jours pour pratiquer le tennis en loisirs ou en comp\u00e9tition. Dot\u00e9 d\u2019infrastructures de qualit\u00e9, le 1er club finist\u00e9rien offre \u00e0 tous ses adh\u00e9rents la possibilit\u00e9 de pratiquer leur sport dans le respect de l\u2019esprit du tennis, en promouvant ses propres valeurs : formation de tous et convivialit\u00e9. Chaque jour, les b\u00e9n\u00e9voles et salari\u00e9s du Club s\u2019attachent \u00e0 proposer aux joueuses et aux joueurs un accueil de qualit\u00e9 : r\u00e9servation des terrains, bar et petite restauration, propret\u00e9 des lieux, mise \u00e0 disposition de salle pour d\u2019\u00e9ventuelles r\u00e9unions, organisation d\u2019\u00e9v\u00e9nements\u2026<\/p><p>Le projet p\u00e9dagogique du TC Quimper propose une offre adapt\u00e9e quel que soit son \u00e2ge, son niveau et son ambition. Les s\u00e9ances d\u2019entrainement permettent de d\u00e9couvrir le tennis, d\u2019y revenir apr\u00e8s quelques ann\u00e9es de pause ou tout simplement d\u2019am\u00e9liorer son niveau de jeu en participant, ou non aux comp\u00e9titions officielles. Pour tous les adh\u00e9rents :<em><strong>\u00a0\u00ab\u00a0Le tennis est avant tout un jeu : venir pratiquer notre sport favori signifie d\u2019abord rencontrer des amis, partager un moment de plaisir et de convivialit\u00e9\u00a0\u00bb.<\/strong><\/em><\/p><figure id=\"attachment_333\" class=\"wp-caption alignleft\"><figcaption class=\"wp-caption-text\"><\/figcaption><p>Depuis le 1er septembre 2014, le Tennis Club de Quimper g\u00e8re l\u2019ensemble des infrastructures tennistiques et s\u2019appuie sur un nouveau fonctionnement avec des ambitions fortes pour continuer son d\u00e9veloppement :<br \/>\u2013 Poursuivre, avec professionnalisme une formation de qualit\u00e9, pour attirer de nouveaux jeunes et permettre \u00e0 chacun de progresser et de s\u2019\u00e9panouir. Pour cela, acqu\u00e9rir les outils p\u00e9dagogiques en lien avec la FFT.<br \/>\u2013 Assurer un accueil agr\u00e9able et convivial avec la presse et un abonnement TV aux cha\u00eenes sportives, organiser des \u00e9v\u00e8nements sportifs et conviviaux (tournois\u2026), utiliser pleinement le tout nouveau site Internet.<br \/>\u2013 Renouveler le mat\u00e9riel sportif afin de s\u2019entrainer et d\u2019accueillir les \u00e9quipes adverses dans les meilleures conditions : balles, tableaux d\u2019affichage \u00ab\u00a0score\u00a0\u00bb\u2026<br \/>\u2013 D\u00e9velopper une dynamique de comp\u00e9tition avec l\u2019ambition de maintenir et\/ou d\u2019\u00e9lever le niveau des \u00e9quipes engag\u00e9es. L\u2019\u00e9quipe 1 masculine, engag\u00e9e en Pr\u00e9-nationale, frappe \u00e0 la porte de la Nationale 4.<br \/>\u2013 Renouveler les maillots et surv\u00eatements pour renforcer l\u2019image du Club.<\/p><\/figure><h1>LES INFRASTRUCTURES<\/h1><p>Le Tennis Club Quimper permet \u00e0 plus de 400 licenci\u00e9s de jouer r\u00e9guli\u00e8rement au tennis dans de bonnes conditions et toute l\u2019ann\u00e9e. Que ce soit entre amis, pour pr\u00e9parer une comp\u00e9tition ou pour se perfectionner, il y a de la place pour tous les niveaux et pour tous les joueurs sur nos 9 courts.<\/p><p>\u2013 6 courts int\u00e9rieurs en r\u00e9sine dont 4 r\u00e9nov\u00e9s.<br \/>\u2013 3 courts ext\u00e9rieurs en r\u00e9sine<br \/>\u2013 un mur d\u2019entrainement ext\u00e9rieur<br \/>\u2013 un club-house convivial, bar, TV, fauteuils, terrasse, vue sur l\u2019ensemble des courts<br \/>\u2013 un espace bar<br \/>\u2013 une salle de r\u00e9union de 80m2<br \/>\u2013 un grand parking ext\u00e9rieur<\/p><p>Et \u00e0 proximit\u00e9\u2026le parc de sports et de loisirs de Creac\u2019h Gwen qui permet \u00e0 tous de profiter de nombreuses possibilit\u00e9s de pratiques sportives et ludiques (parcours sportifs, aires de jeux pour enfants, aire de glisse\u2026).<\/p><h1>LE TENNIS CLUB QUIMPER C\u2019EST AUSSI\u2026<\/h1><ul><li>Une grande \u00e9cole du Finist\u00e8re :<br \/>\u2013 250 enfants : mini-tennis, initiation, \u00e9cole de comp\u00e9tition, centre d\u2019entra\u00eenement<br \/>\u2013\u00a0 Op\u00e9ration \u00ab\u00a0tennis \u00e0 l\u2019\u00e9cole\u00a0\u00bb, 8 s\u00e9ances d\u2019initiation pour 3 classes quimp\u00e9roises de CP \u00e0 Grande Section<br \/>\u2013 \u00c9tudiants UBO, horaires r\u00e9serv\u00e9s<br \/>\u2013 Atout Sport, d\u00e9couverte du tennis durant les vacances scolaires (hors vacances de No\u00ebl)<\/li><li>Une section handisport<\/li><li>La comp\u00e9tition, 80 comp\u00e9titeurs, 24 \u00e9quipes engag\u00e9es, 12 jeunes, 9 s\u00e9niors, 3 v\u00e9t\u00e9rans<\/li><li>La pratique du tennis pour tous : loisirs, cours et comp\u00e9tition<\/li><\/ul>\t\t\t\t\t\t\t\t<\/div>\n\t\t\t\t<\/div>\n\t\t\t\t\t<\/div>\n\t\t<\/div>\n\t\t\t\t\t<\/div>\n\t\t<\/section>\n\t\t\t\t<section class=\"elementor-section elementor-top-section elementor-element elementor-element-5825e0b elementor-section-boxed elementor-section-height-default elementor-section-height-default\" data-id=\"5825e0b\" data-element_type=\"section\" data-e-type=\"section\">\n\t\t\t\t\t\t<div class=\"elementor-container elementor-column-gap-default\">\n\t\t\t\t\t<div class=\"elementor-column elementor-col-100 elementor-top-column elementor-element elementor-element-e775202\" data-id=\"e775202\" data-element_type=\"column\" data-e-type=\"column\">\n\t\t\t<div class=\"elementor-widget-wrap elementor-element-populated\">\n\t\t\t\t\t\t<div class=\"elementor-element elementor-element-15c2815 elementor-widget-divider--view-line elementor-widget elementor-widget-divider\" data-id=\"15c2815\" data-element_type=\"widget\" data-e-type=\"widget\" data-widget_type=\"divider.default\">\n\t\t\t\t<div class=\"elementor-widget-container\">\n\t\t\t\t\t\t\t<div class=\"elementor-divider\">\n\t\t\t<span class=\"elementor-divider-separator\">\n\t\t\t\t\t\t<\/span>\n\t\t<\/div>\n\t\t\t\t\t\t<\/div>\n\t\t\t\t<\/div>\n\t\t\t\t\t<\/div>\n\t\t<\/div>\n\t\t\t\t\t<\/div>\n\t\t<\/section>\n\t\t\t\t<section class=\"elementor-section elementor-top-section elementor-element elementor-element-edb9dea elementor-section-boxed elementor-section-height-default elementor-section-height-default\" data-id=\"edb9dea\" data-element_type=\"section\" data-e-type=\"section\">\n\t\t\t\t\t\t<div class=\"elementor-container elementor-column-gap-default\">\n\t\t\t\t\t<div class=\"elementor-column elementor-col-100 elementor-top-column elementor-element elementor-element-c9b1cf1\" data-id=\"c9b1cf1\" data-element_type=\"column\" data-e-type=\"column\">\n\t\t\t<div class=\"elementor-widget-wrap elementor-element-populated\">\n\t\t\t\t\t\t<div class=\"elementor-element elementor-element-43a1cf0 elementor-widget elementor-widget-heading\" data-id=\"43a1cf0\" data-element_type=\"widget\" data-e-type=\"widget\" data-widget_type=\"heading.default\">\n\t\t\t\t<div class=\"elementor-widget-container\">\n\t\t\t\t\t<h2 class=\"elementor-heading-title elementor-size-medium\">L'EQUIPE DU TC QUIMPER<\/h2>\t\t\t\t<\/div>\n\t\t\t\t<\/div>\n\t\t\t\t\t<\/div>\n\t\t<\/div>\n\t\t\t\t\t<\/div>\n\t\t<\/section>\n\t\t\t\t<section class=\"elementor-section elementor-top-section elementor-element elementor-element-9ba82bd elementor-section-boxed elementor-section-height-default elementor-section-height-default\" data-id=\"9ba82bd\" data-element_type=\"section\" data-e-type=\"section\">\n\t\t\t\t\t\t<div class=\"elementor-container elementor-column-gap-default\">\n\t\t\t\t\t<div class=\"elementor-column elementor-col-25 elementor-top-column elementor-element elementor-element-6fa8c7b\" data-id=\"6fa8c7b\" data-element_type=\"column\" data-e-type=\"column\">\n\t\t\t<div class=\"elementor-widget-wrap\">\n\t\t\t\t\t\t\t<\/div>\n\t\t<\/div>\n\t\t\t\t<div class=\"elementor-column elementor-col-25 elementor-top-column elementor-element elementor-element-2db3b28\" data-id=\"2db3b28\" data-element_type=\"column\" data-e-type=\"column\">\n\t\t\t<div class=\"elementor-widget-wrap\">\n\t\t\t\t\t\t\t<\/div>\n\t\t<\/div>\n\t\t\t\t<div class=\"elementor-column elementor-col-25 elementor-top-column elementor-element elementor-element-af8965d\" data-id=\"af8965d\" data-element_type=\"column\" data-e-type=\"column\">\n\t\t\t<div class=\"elementor-widget-wrap\">\n\t\t\t\t\t\t\t<\/div>\n\t\t<\/div>\n\t\t\t\t<div class=\"elementor-column elementor-col-25 elementor-top-column elementor-element elementor-element-d99c34b\" data-id=\"d99c34b\" data-element_type=\"column\" data-e-type=\"column\">\n\t\t\t<div class=\"elementor-widget-wrap\">\n\t\t\t\t\t\t\t<\/div>\n\t\t<\/div>\n\t\t\t\t\t<\/div>\n\t\t<\/section>\n\t\t\t\t<section class=\"elementor-section elementor-top-section elementor-element elementor-element-6004cc4 elementor-section-boxed elementor-section-height-default elementor-section-height-default\" data-id=\"6004cc4\" data-element_type=\"section\" data-e-type=\"section\">\n\t\t\t\t\t\t<div class=\"elementor-container elementor-column-gap-default\">\n\t\t\t\t\t<div class=\"elementor-column elementor-col-100 elementor-top-column elementor-element elementor-element-f21fe41\" data-id=\"f21fe41\" data-element_type=\"column\" data-e-type=\"column\">\n\t\t\t<div class=\"elementor-widget-wrap elementor-element-populated\">\n\t\t\t\t\t\t<div class=\"elementor-element elementor-element-8d76083 elementor-widget elementor-widget-text-editor\" data-id=\"8d76083\" data-element_type=\"widget\" data-e-type=\"widget\" data-widget_type=\"text-editor.default\">\n\t\t\t\t<div class=\"elementor-widget-container\">\n\t\t\t\t\t\t\t\t\t<p style=\"text-align: left;\">Nathan PERON : professeur\u00a0<\/p><p>St\u00e9phane SCHMITT : professeur\u00a0<\/p><p>Jean-Louis HARA : professeur<\/p><p>Romain JOUAN : professeur<\/p><p>C\u00e9cile PITUSSI : assistante club sportif<\/p><p>\u00a0<\/p><p>Emilien BOURRET<\/p><p>Tim\u00e9o D&rsquo;HALLUIN<\/p><p>Colas WATTEBLED<\/p>\t\t\t\t\t\t\t\t<\/div>\n\t\t\t\t<\/div>\n\t\t\t\t\t<\/div>\n\t\t<\/div>\n\t\t\t\t\t<\/div>\n\t\t<\/section>\n\t\t\t\t<\/div>\n\t\t","protected":false},"excerpt":{"rendered":"<p>LE TENNIS CLUB QUIMPER Situ\u00e9 au c\u0153ur du p\u00f4le sportif de Cr\u00e9ac\u2019h Gwen, au bord de la rivi\u00e8re de l\u2019Odet, le Tennis Club QUIMPER vous accueille tous les jours pour pratiquer le tennis en loisirs ou en comp\u00e9tition. Dot\u00e9 d\u2019infrastructures de qualit\u00e9, le 1er club finist\u00e9rien offre \u00e0 tous ses adh\u00e9rents la possibilit\u00e9 de pratiquer&hellip;&nbsp;<a href=\"https:\/\/tcquimper.fr\/?page_id=244\" class=\"\" rel=\"bookmark\">Lire la suite &raquo;<span class=\"screen-reader-text\">Le club<\/span><\/a><\/p>\n","protected":false},"author":1,"featured_media":0,"parent":0,"menu_order":0,"comment_status":"closed","ping_status":"closed","template":"","meta":{"neve_meta_sidebar":"","neve_meta_container":"","neve_meta_enable_content_width":"","neve_meta_content_width":70,"neve_meta_title_alignment":"","neve_meta_author_avatar":"","neve_post_elements_order":"","neve_meta_disable_header":"","neve_meta_disable_footer":"","neve_meta_disable_title":"","footnotes":""},"class_list":["post-244","page","type-page","status-publish","hentry"],"jetpack_sharing_enabled":true,"_links":{"self":[{"href":"https:\/\/tcquimper.fr\/index.php?rest_route=\/wp\/v2\/pages\/244","targetHints":{"allow":["GET"]}}],"collection":[{"href":"https:\/\/tcquimper.fr\/index.php?rest_route=\/wp\/v2\/pages"}],"about":[{"href":"https:\/\/tcquimper.fr\/index.php?rest_route=\/wp\/v2\/types\/page"}],"author":[{"embeddable":true,"href":"https:\/\/tcquimper.fr\/index.php?rest_route=\/wp\/v2\/users\/1"}],"replies":[{"embeddable":true,"href":"https:\/\/tcquimper.fr\/index.php?rest_route=%2Fwp%2Fv2%2Fcomments&post=244"}],"version-history":[{"count":21,"href":"https:\/\/tcquimper.fr\/index.php?rest_route=\/wp\/v2\/pages\/244\/revisions"}],"predecessor-version":[{"id":868,"href":"https:\/\/tcquimper.fr\/index.php?rest_route=\/wp\/v2\/pages\/244\/revisions\/868"}],"wp:attachment":[{"href":"https:\/\/tcquimper.fr\/index.php?rest_route=%2Fwp%2Fv2%2Fmedia&parent=244"}],"curies":[{"name":"wp","href":"https:\/\/api.w.org\/{rel}","templated":true}]}}